{"id":806,"date":"2018-03-21T23:47:37","date_gmt":"2018-03-21T23:47:37","guid":{"rendered":"http:\/\/olpasa.pe\/?page_id=806"},"modified":"2025-02-11T20:10:23","modified_gmt":"2025-02-11T20:10:23","slug":"aceite-crudo-de-palma","status":"publish","type":"page","link":"https:\/\/olpasa.pe\/?page_id=806","title":{"rendered":"Aceite Crudo de Palma"},"content":{"rendered":"<p>[et_pb_section fb_built=\u00bb1&#8243; fullwidth=\u00bbon\u00bb _builder_version=\u00bb4.16&#8243; global_colors_info=\u00bb{}\u00bb][et_pb_fullwidth_slider _builder_version=\u00bb4.16&#8243; global_colors_info=\u00bb{}\u00bb button_text_size__hover_enabled=\u00bboff\u00bb button_one_text_size__hover_enabled=\u00bboff\u00bb button_two_text_size__hover_enabled=\u00bboff\u00bb button_text_color__hover_enabled=\u00bboff\u00bb button_one_text_color__hover_enabled=\u00bboff\u00bb button_two_text_color__hover_enabled=\u00bboff\u00bb button_border_width__hover_enabled=\u00bboff\u00bb button_one_border_width__hover_enabled=\u00bboff\u00bb button_two_border_width__hover_enabled=\u00bboff\u00bb button_border_color__hover_enabled=\u00bboff\u00bb button_one_border_color__hover_enabled=\u00bboff\u00bb button_two_border_color__hover_enabled=\u00bboff\u00bb button_border_radius__hover_enabled=\u00bboff\u00bb button_one_border_radius__hover_enabled=\u00bboff\u00bb button_two_border_radius__hover_enabled=\u00bboff\u00bb button_letter_spacing__hover_enabled=\u00bboff\u00bb button_one_letter_spacing__hover_enabled=\u00bboff\u00bb button_two_letter_spacing__hover_enabled=\u00bboff\u00bb button_bg_color__hover_enabled=\u00bboff\u00bb button_one_bg_color__hover_enabled=\u00bboff\u00bb button_two_bg_color__hover_enabled=\u00bboff\u00bb][et_pb_slide heading=\u00bb                                                                                          \u00bb _builder_version=\u00bb4.16&#8243; background_color=\u00bb#ffffff\u00bb background_image=\u00bbhttp:\/\/olpasa.pe\/wp-content\/uploads\/2018\/04\/ffoto-productos2.jpg\u00bb global_colors_info=\u00bb{}\u00bb button_text_size__hover_enabled=\u00bboff\u00bb button_one_text_size__hover_enabled=\u00bboff\u00bb button_two_text_size__hover_enabled=\u00bboff\u00bb button_text_color__hover_enabled=\u00bboff\u00bb button_one_text_color__hover_enabled=\u00bboff\u00bb button_two_text_color__hover_enabled=\u00bboff\u00bb button_border_width__hover_enabled=\u00bboff\u00bb button_one_border_width__hover_enabled=\u00bboff\u00bb button_two_border_width__hover_enabled=\u00bboff\u00bb button_border_color__hover_enabled=\u00bboff\u00bb button_one_border_color__hover_enabled=\u00bboff\u00bb button_two_border_color__hover_enabled=\u00bboff\u00bb button_border_radius__hover_enabled=\u00bboff\u00bb button_one_border_radius__hover_enabled=\u00bboff\u00bb button_two_border_radius__hover_enabled=\u00bboff\u00bb button_letter_spacing__hover_enabled=\u00bboff\u00bb button_one_letter_spacing__hover_enabled=\u00bboff\u00bb button_two_letter_spacing__hover_enabled=\u00bboff\u00bb button_bg_color__hover_enabled=\u00bboff\u00bb button_one_bg_color__hover_enabled=\u00bboff\u00bb button_two_bg_color__hover_enabled=\u00bboff\u00bb sticky_transition=\u00bbon\u00bb][\/et_pb_slide][\/et_pb_fullwidth_slider][\/et_pb_section][et_pb_section fb_built=\u00bb1&#8243; _builder_version=\u00bb4.16&#8243; background_color=\u00bb#ededed\u00bb custom_margin=\u00bb||0px|\u00bb global_colors_info=\u00bb{}\u00bb][et_pb_row _builder_version=\u00bb4.16&#8243; custom_padding=\u00bb27px|0px|27px|0px\u00bb global_colors_info=\u00bb{}\u00bb][et_pb_column type=\u00bb4_4&#8243; _builder_version=\u00bb4.16&#8243; custom_padding=\u00bb|||\u00bb global_colors_info=\u00bb{}\u00bb custom_padding__hover=\u00bb|||\u00bb][et_pb_text _builder_version=\u00bb4.16&#8243; animation_style=\u00bbfold\u00bb inline_fonts=\u00bbAbel\u00bb global_colors_info=\u00bb{}\u00bb]<\/p>\n<h1 style=\"text-align: center;\"><span style=\"font-size: xx-large;\"><strong><span style=\"font-family: Abel;\"><span style=\"color: #b27600;\">ACEITE CRUDO DE<\/span> <span style=\"color: #0d4f0c;\">PALMA<\/span><\/span><\/strong><\/span><\/h1>\n<p>[\/et_pb_text][\/et_pb_column][\/et_pb_row][\/et_pb_section][et_pb_section fb_built=\u00bb1&#8243; _builder_version=\u00bb4.16&#8243; global_colors_info=\u00bb{}\u00bb][et_pb_row column_structure=\u00bb2_3,1_3&#8243; _builder_version=\u00bb4.16&#8243; global_colors_info=\u00bb{}\u00bb][et_pb_column type=\u00bb2_3&#8243; _builder_version=\u00bb4.16&#8243; custom_padding=\u00bb|||\u00bb global_colors_info=\u00bb{}\u00bb custom_padding__hover=\u00bb|||\u00bb][et_pb_text _builder_version=\u00bb4.16&#8243; inline_fonts=\u00bbAbel\u00bb global_colors_info=\u00bb{}\u00bb]<\/p>\n<h2>Definici\u00f3n.<\/h2>\n<p>El <b>aceite de palma<\/b> es un <a title=\"Aceite vegetal\" href=\"https:\/\/es.wikipedia.org\/wiki\/Aceite_vegetal\">aceite de origen vegetal<\/a> que se obtiene del <a title=\"Mesocarpio\" href=\"https:\/\/es.wikipedia.org\/wiki\/Mesocarpio\">mesocarpio<\/a> de la fruta de la palma (<a title=\"Elaeis\" href=\"https:\/\/es.wikipedia.org\/wiki\/Elaeis\"><i>Elaeis guineensis<\/i><\/a>). Es el segundo tipo de aceite con mayor volumen de producci\u00f3n, siendo el primero el <a title=\"Aceite de soja\" href=\"https:\/\/es.wikipedia.org\/wiki\/Aceite_de_soja\">aceite de soja<\/a>.<sup id=\"cite_ref-usda2004_1-0\" class=\"reference separada\"><\/sup>\u200b El fruto de la palma es ligeramente rojo, al igual que el aceite embotellado sin refinar. <span class=\"cita-requerida\">El aceite crudo de palma es una rica fuente de <a title=\"Vitamina A\" href=\"https:\/\/es.wikipedia.org\/wiki\/Vitamina_A\">vitamina A<\/a> y de <a title=\"Vitamina E\" href=\"https:\/\/es.wikipedia.org\/wiki\/Vitamina_E\">vitamina E<\/a>.<\/span><\/p>\n<p>La palma es originaria de <a title=\"\u00c1frica\" href=\"https:\/\/es.wikipedia.org\/wiki\/%C3%81frica\">\u00c1frica<\/a> occidental, de ella ya se obten\u00eda aceite hace 5.000 a\u00f1os, especialmente en la <a title=\"Guinea\" href=\"https:\/\/es.wikipedia.org\/wiki\/Guinea\">Guinea<\/a> Occidental de donde pas\u00f3 a Am\u00e9rica, introducida despu\u00e9s de los viajes de <a title=\"Crist\u00f3bal Col\u00f3n\" href=\"https:\/\/es.wikipedia.org\/wiki\/Crist%C3%B3bal_Col%C3%B3n\">Col\u00f3n<\/a>, y en \u00e9pocas m\u00e1s recientes fue introducida a <a title=\"Asia\" href=\"https:\/\/es.wikipedia.org\/wiki\/Asia\">Asia<\/a> desde <a title=\"Am\u00e9rica\" href=\"https:\/\/es.wikipedia.org\/wiki\/Am%C3%A9rica\">Am\u00e9rica<\/a>.<br \/>\n[\/et_pb_text][et_pb_blurb title=\u00bbUsos:\u00bb use_icon=\u00bbon\u00bb font_icon=\u00bb&#x68;||divi||400&#8243; image_icon_background_color=\u00bb#ffffff\u00bb icon_placement=\u00bbleft\u00bb image_icon_width=\u00bb16px\u00bb _builder_version=\u00bb4.16&#8243; header_level=\u00bbh3&#8243; header_font=\u00bb||||||||\u00bb image_icon_custom_padding=\u00bb8px|8px|8px|8px|false|false\u00bb border_radii_image=\u00bbon|100%|100%|100%|100%\u00bb border_width_all_image=\u00bb2px\u00bb border_color_all_image=\u00bb#0c7a00&#8243; use_circle=\u00bbon\u00bb use_circle_border=\u00bbon\u00bb circle_color=\u00bb#ffffff\u00bb global_colors_info=\u00bb{}\u00bb image_icon_background_color__sticky_enabled=\u00bb#0c7a00&#8243; image_icon_background_color__sticky=\u00bb#0c7a00&#8243;]<\/p>\n<ul>\n<li>Se usa como materia prima para la elboracion de aceites y grasas para el consumo humano.<\/li>\n<li>Se usa como materia prima en la producci\u00f3n de <a title=\"Biodi\u00e9sel\" href=\"https:\/\/es.wikipedia.org\/wiki\/Biodi%C3%A9sel\">biodi\u00e9sel.<\/a><\/li>\n<\/ul>\n<p>[\/et_pb_blurb][et_pb_blurb title=\u00bbEspecificaciones Tecnicas:\u00bb use_icon=\u00bbon\u00bb font_icon=\u00bb&#x68;||divi||400&#8243; image_icon_background_color=\u00bb#ffffff\u00bb icon_placement=\u00bbleft\u00bb image_icon_width=\u00bb16px\u00bb _builder_version=\u00bb4.16&#8243; header_level=\u00bbh3&#8243; header_font=\u00bb||||||||\u00bb image_icon_custom_padding=\u00bb8px|8px|8px|8px|false|false\u00bb border_radii_image=\u00bbon|100%|100%|100%|100%\u00bb border_width_all_image=\u00bb2px\u00bb border_color_all_image=\u00bb#0c7a00&#8243; use_circle=\u00bbon\u00bb use_circle_border=\u00bbon\u00bb circle_color=\u00bb#ffffff\u00bb global_colors_info=\u00bb{}\u00bb image_icon_background_color__sticky_enabled=\u00bb#0c7a00&#8243; image_icon_background_color__sticky=\u00bb#0c7a00&#8243;][\/et_pb_blurb][et_pb_button button_url=\u00bbhttp:\/\/olpasa.pe\/wp-content\/uploads\/2025\/02\/OLPASA-E-AQ-001-ESPECIFICACION-DEL-ACEITE-CRUDO-DE-PALMA-V8.pdf\u00bb button_text=\u00bbDescargar\u00bb button_alignment=\u00bbcenter\u00bb _builder_version=\u00bb4.18.0&#8243; animation_style=\u00bbfade\u00bb hover_enabled=\u00bb0&#8243; box_shadow_style=\u00bbpreset1&#8243; global_colors_info=\u00bb{}\u00bb button_text_size__hover_enabled=\u00bboff\u00bb button_one_text_size__hover_enabled=\u00bboff\u00bb button_two_text_size__hover_enabled=\u00bboff\u00bb button_text_color__hover_enabled=\u00bboff\u00bb button_one_text_color__hover_enabled=\u00bboff\u00bb button_two_text_color__hover_enabled=\u00bboff\u00bb button_border_width__hover_enabled=\u00bboff\u00bb button_one_border_width__hover_enabled=\u00bboff\u00bb button_two_border_width__hover_enabled=\u00bboff\u00bb button_border_color__hover_enabled=\u00bboff\u00bb button_one_border_color__hover_enabled=\u00bboff\u00bb button_two_border_color__hover_enabled=\u00bboff\u00bb button_border_radius__hover_enabled=\u00bboff\u00bb button_one_border_radius__hover_enabled=\u00bboff\u00bb button_two_border_radius__hover_enabled=\u00bboff\u00bb button_letter_spacing__hover_enabled=\u00bboff\u00bb button_one_letter_spacing__hover_enabled=\u00bboff\u00bb button_two_letter_spacing__hover_enabled=\u00bboff\u00bb button_bg_color__hover_enabled=\u00bboff\u00bb button_one_bg_color__hover_enabled=\u00bboff\u00bb button_two_bg_color__hover_enabled=\u00bboff\u00bb sticky_enabled=\u00bb0&#8243;][\/et_pb_button][\/et_pb_column][et_pb_column type=\u00bb1_3&#8243; _builder_version=\u00bb4.16&#8243; custom_padding=\u00bb|||\u00bb global_colors_info=\u00bb{}\u00bb custom_padding__hover=\u00bb|||\u00bb][et_pb_gallery gallery_ids=\u00bb1337,1376,1378&#8243; gallery_captions=\u00bb,,\u00bb fullwidth=\u00bbon\u00bb _builder_version=\u00bb4.16&#8243; animation_style=\u00bbfade\u00bb auto=\u00bbon\u00bb border_radii=\u00bbon|20px|20px|20px|20px\u00bb global_colors_info=\u00bb{}\u00bb][\/et_pb_gallery][\/et_pb_column][\/et_pb_row][\/et_pb_section][et_pb_section fb_built=\u00bb1&#8243; _builder_version=\u00bb3.0.106&#8243; background_color=\u00bbrgba(38,38,38,0.96)\u00bb background_image=\u00bbhttp:\/\/olpasa.pe\/wp-content\/uploads\/2018\/03\/IMG_8973-morro300kbbw.jpg\u00bb background_blend=\u00bbsoft-light\u00bb custom_margin=\u00bb0px||0px|\u00bb custom_padding=\u00bb0px||0px|\u00bb global_module=\u00bb963&#8243; global_colors_info=\u00bb{}\u00bb][et_pb_row _builder_version=\u00bb4.16&#8243; global_colors_info=\u00bb{}\u00bb][et_pb_column type=\u00bb4_4&#8243; _builder_version=\u00bb4.16&#8243; custom_padding=\u00bb|||\u00bb global_colors_info=\u00bb{}\u00bb custom_padding__hover=\u00bb|||\u00bb][et_pb_text _builder_version=\u00bb4.16&#8243; inline_fonts=\u00bbAbel\u00bb global_colors_info=\u00bb{}\u00bb]<\/p>\n<h2 style=\"text-align: center;\"><strong><span style=\"font-family: Abel;\"><span style=\"color: #ffffff;\">CONTACTENOS:<\/span><\/span><\/strong><\/h2>\n<p>[\/et_pb_text][\/et_pb_column][\/et_pb_row][et_pb_row column_structure=\u00bb1_3,1_3,1_3&#8243; _builder_version=\u00bb4.16&#8243; global_colors_info=\u00bb{}\u00bb][et_pb_column type=\u00bb1_3&#8243; _builder_version=\u00bb4.16&#8243; custom_padding=\u00bb|||\u00bb global_colors_info=\u00bb{}\u00bb custom_padding__hover=\u00bb|||\u00bb][et_pb_blurb title=\u00bbPlanta Y Oficina Administrativa\u00bb use_icon=\u00bbon\u00bb font_icon=\u00bb&#xe009;||divi||400&#8243; icon_placement=\u00bbleft\u00bb _builder_version=\u00bb4.16&#8243; header_level=\u00bbh5&#8243; header_font=\u00bbAbel|700|||||||\u00bb header_text_color=\u00bb#ffffff\u00bb body_font=\u00bb||||||||\u00bb background_layout=\u00bbdark\u00bb custom_margin=\u00bb0px|||\u00bb custom_padding=\u00bb0px|||\u00bb body_text_shadow_style=\u00bbpreset2&#8243; text_shadow_style=\u00bbpreset4&#8243; inline_fonts=\u00bbAbel\u00bb global_colors_info=\u00bb{}\u00bb]<\/p>\n<h5 style=\"text-align: justify;\"><span style=\"font-family: Abel; font-weight: normal;\">Carretera Federico Basadre Km 178 C.P. Boquer\u00f3n-Padre Abad\u00a0&#8211; Padre Abad &#8211; Ucayali &#8211; Per\u00fa.<\/span><\/h5>\n<p>[\/et_pb_blurb][et_pb_blurb title=\u00bbSECRETARIA\u00bb use_icon=\u00bbon\u00bb font_icon=\u00bb&#xe00b;||divi||400&#8243; icon_placement=\u00bbleft\u00bb _builder_version=\u00bb4.16&#8243; header_font=\u00bbAbel|700|||||||\u00bb header_text_color=\u00bb#ffffff\u00bb body_font=\u00bbAbel||||||||\u00bb background_layout=\u00bbdark\u00bb custom_margin=\u00bb0px||0px|\u00bb custom_padding=\u00bb0px||0px|\u00bb body_text_shadow_style=\u00bbpreset2&#8243; text_shadow_style=\u00bbpreset4&#8243; global_colors_info=\u00bb{}\u00bb]<\/p>\n<p>961 999 753<\/p>\n<p>[\/et_pb_blurb][\/et_pb_column][et_pb_column type=\u00bb1_3&#8243; _builder_version=\u00bb4.16&#8243; custom_padding=\u00bb|||\u00bb global_colors_info=\u00bb{}\u00bb custom_padding__hover=\u00bb|||\u00bb][et_pb_blurb title=\u00bbCorreos\u00bb use_icon=\u00bbon\u00bb font_icon=\u00bb&#xe010;||divi||400&#8243; icon_placement=\u00bbleft\u00bb _builder_version=\u00bb4.16&#8243; header_level=\u00bbh3&#8243; header_font=\u00bbAbel|700|||||||\u00bb header_text_color=\u00bb#ffffff\u00bb body_font=\u00bbAbel||||||||\u00bb background_layout=\u00bbdark\u00bb custom_margin=\u00bb0px||0px|\u00bb custom_padding=\u00bb0px||0px|\u00bb body_text_shadow_style=\u00bbpreset2&#8243; text_shadow_style=\u00bbpreset4&#8243; inline_fonts=\u00bbAbel\u00bb global_colors_info=\u00bb{}\u00bb]<\/p>\n<ul>\n<li><span style=\"font-weight: normal; color: #ffffff;\">gerencia@olpasa.pe<\/span><\/li>\n<li>administraci\u00f3n@olpasa.<\/li>\n<li><span style=\"font-weight: normal; color: #ffffff;\">contabilidad@olpasa.pe<\/span><\/li>\n<li><span style=\"font-weight: normal; color: #ffffff;\"><a style=\"color: #ffffff;\" href=\"mailto:logistica@olpasa.pe\">logistica@olpasa.pe<\/a><\/span><\/li>\n<\/ul>\n<p>[\/et_pb_blurb][et_pb_text _builder_version=\u00bb4.16&#8243; global_colors_info=\u00bb{}\u00bb]<\/p>\n<p>\u00a0<\/p>\n<p>[\/et_pb_text][\/et_pb_column][et_pb_column type=\u00bb1_3&#8243; _builder_version=\u00bb4.16&#8243; custom_padding=\u00bb|||\u00bb global_colors_info=\u00bb{}\u00bb custom_padding__hover=\u00bb|||\u00bb][et_pb_blurb title=\u00bbLibro Reclamaciones\u00bb url=\u00bbhttp:\/\/olpasa.pe\/reclamaciones\/\u00bb use_icon=\u00bbon\u00bb font_icon=\u00bb&#xe086;||divi||400&#8243; icon_placement=\u00bbleft\u00bb _builder_version=\u00bb4.16&#8243; header_level=\u00bbh3&#8243; header_font=\u00bbAbel|700|||||||\u00bb header_text_color=\u00bb#ffffff\u00bb body_font=\u00bbAbel||||||||\u00bb background_layout=\u00bbdark\u00bb custom_margin=\u00bb0px||0px|\u00bb custom_padding=\u00bb0px||0px|\u00bb body_text_shadow_style=\u00bbpreset2&#8243; text_shadow_style=\u00bbpreset4&#8243; inline_fonts=\u00bbAbel\u00bb global_colors_info=\u00bb{}\u00bb][\/et_pb_blurb][\/et_pb_column][\/et_pb_row][\/et_pb_section]<\/p>\n","protected":false},"excerpt":{"rendered":"<p>ACEITE CRUDO DE PALMA Definici\u00f3n. El aceite de palma es un aceite de origen vegetal que se obtiene del mesocarpio de la fruta de la palma (Elaeis guineensis). Es el segundo tipo de aceite con mayor volumen de producci\u00f3n, siendo el primero el aceite de soja.\u200b El fruto de la palma es ligeramente rojo, al [&hellip;]<\/p>\n","protected":false},"author":1,"featured_media":0,"parent":607,"menu_order":0,"comment_status":"closed","ping_status":"closed","template":"","meta":{"_et_pb_use_builder":"on","_et_pb_old_content":"","_et_gb_content_width":"","_exactmetrics_skip_tracking":false,"_exactmetrics_sitenote_active":false,"_exactmetrics_sitenote_note":"","_exactmetrics_sitenote_category":0,"footnotes":""},"class_list":["post-806","page","type-page","status-publish","hentry"],"_links":{"self":[{"href":"https:\/\/olpasa.pe\/index.php?rest_route=\/wp\/v2\/pages\/806","targetHints":{"allow":["GET"]}}],"collection":[{"href":"https:\/\/olpasa.pe\/index.php?rest_route=\/wp\/v2\/pages"}],"about":[{"href":"https:\/\/olpasa.pe\/index.php?rest_route=\/wp\/v2\/types\/page"}],"author":[{"embeddable":true,"href":"https:\/\/olpasa.pe\/index.php?rest_route=\/wp\/v2\/users\/1"}],"replies":[{"embeddable":true,"href":"https:\/\/olpasa.pe\/index.php?rest_route=%2Fwp%2Fv2%2Fcomments&post=806"}],"version-history":[{"count":19,"href":"https:\/\/olpasa.pe\/index.php?rest_route=\/wp\/v2\/pages\/806\/revisions"}],"predecessor-version":[{"id":3367,"href":"https:\/\/olpasa.pe\/index.php?rest_route=\/wp\/v2\/pages\/806\/revisions\/3367"}],"up":[{"embeddable":true,"href":"https:\/\/olpasa.pe\/index.php?rest_route=\/wp\/v2\/pages\/607"}],"wp:attachment":[{"href":"https:\/\/olpasa.pe\/index.php?rest_route=%2Fwp%2Fv2%2Fmedia&parent=806"}],"curies":[{"name":"wp","href":"https:\/\/api.w.org\/{rel}","templated":true}]}}