{"id":802,"date":"2018-03-21T23:44:10","date_gmt":"2018-03-21T23:44:10","guid":{"rendered":"http:\/\/olpasa.pe\/?page_id=802"},"modified":"2024-06-21T15:09:08","modified_gmt":"2024-06-21T15:09:08","slug":"quienes-somos-2","status":"publish","type":"page","link":"https:\/\/olpasa.pe\/?page_id=802","title":{"rendered":"Quienes Somos"},"content":{"rendered":"<p>[et_pb_section fb_built=\u00bb1&#8243; fullwidth=\u00bbon\u00bb _builder_version=\u00bb4.16&#8243; global_colors_info=\u00bb{}\u00bb][et_pb_fullwidth_slider _builder_version=\u00bb4.16&#8243; global_colors_info=\u00bb{}\u00bb button_text_size__hover_enabled=\u00bboff\u00bb button_one_text_size__hover_enabled=\u00bboff\u00bb button_two_text_size__hover_enabled=\u00bboff\u00bb button_text_color__hover_enabled=\u00bboff\u00bb button_one_text_color__hover_enabled=\u00bboff\u00bb button_two_text_color__hover_enabled=\u00bboff\u00bb button_border_width__hover_enabled=\u00bboff\u00bb button_one_border_width__hover_enabled=\u00bboff\u00bb button_two_border_width__hover_enabled=\u00bboff\u00bb button_border_color__hover_enabled=\u00bboff\u00bb button_one_border_color__hover_enabled=\u00bboff\u00bb button_two_border_color__hover_enabled=\u00bboff\u00bb button_border_radius__hover_enabled=\u00bboff\u00bb button_one_border_radius__hover_enabled=\u00bboff\u00bb button_two_border_radius__hover_enabled=\u00bboff\u00bb button_letter_spacing__hover_enabled=\u00bboff\u00bb button_one_letter_spacing__hover_enabled=\u00bboff\u00bb button_two_letter_spacing__hover_enabled=\u00bboff\u00bb button_bg_color__hover_enabled=\u00bboff\u00bb button_one_bg_color__hover_enabled=\u00bboff\u00bb button_two_bg_color__hover_enabled=\u00bboff\u00bb][et_pb_slide _builder_version=\u00bb4.16&#8243; background_color=\u00bb#ffffff\u00bb background_image=\u00bbhttp:\/\/olpasa.pe\/wp-content\/uploads\/2018\/03\/IMG_0156TOLVA.jpg\u00bb global_colors_info=\u00bb{}\u00bb button_text_size__hover_enabled=\u00bboff\u00bb button_one_text_size__hover_enabled=\u00bboff\u00bb button_two_text_size__hover_enabled=\u00bboff\u00bb button_text_color__hover_enabled=\u00bboff\u00bb button_one_text_color__hover_enabled=\u00bboff\u00bb button_two_text_color__hover_enabled=\u00bboff\u00bb button_border_width__hover_enabled=\u00bboff\u00bb button_one_border_width__hover_enabled=\u00bboff\u00bb button_two_border_width__hover_enabled=\u00bboff\u00bb button_border_color__hover_enabled=\u00bboff\u00bb button_one_border_color__hover_enabled=\u00bboff\u00bb button_two_border_color__hover_enabled=\u00bboff\u00bb button_border_radius__hover_enabled=\u00bboff\u00bb button_one_border_radius__hover_enabled=\u00bboff\u00bb button_two_border_radius__hover_enabled=\u00bboff\u00bb button_letter_spacing__hover_enabled=\u00bboff\u00bb button_one_letter_spacing__hover_enabled=\u00bboff\u00bb button_two_letter_spacing__hover_enabled=\u00bboff\u00bb button_bg_color__hover_enabled=\u00bboff\u00bb button_one_bg_color__hover_enabled=\u00bboff\u00bb button_two_bg_color__hover_enabled=\u00bboff\u00bb sticky_transition=\u00bbon\u00bb][\/et_pb_slide][\/et_pb_fullwidth_slider][\/et_pb_section][et_pb_section fb_built=\u00bb1&#8243; _builder_version=\u00bb4.16&#8243; global_colors_info=\u00bb{}\u00bb][et_pb_row _builder_version=\u00bb4.16&#8243; global_colors_info=\u00bb{}\u00bb][et_pb_column type=\u00bb4_4&#8243; _builder_version=\u00bb4.16&#8243; custom_padding=\u00bb|||\u00bb global_colors_info=\u00bb{}\u00bb custom_padding__hover=\u00bb|||\u00bb][et_pb_toggle title=\u00bb\u00bfQUIENES SOMOS?\u00bb open=\u00bbon\u00bb _builder_version=\u00bb4.16&#8243; title_text_color=\u00bb#2c8411&#8243; title_level=\u00bbh3&#8243; title_font=\u00bbABeeZee||||||||\u00bb custom_margin=\u00bb|||\u00bb custom_padding=\u00bb|||\u00bb animation_style=\u00bbfade\u00bb box_shadow_style=\u00bbpreset1&#8243; inline_fonts=\u00bbABeeZee\u00bb global_colors_info=\u00bb{}\u00bb]<\/p>\n<p style=\"text-align: justify;\"><span style=\"font-family: inherit; font-weight: normal;\">Somos una Empresa Agroindustrial dedicada a la Extraccion y Comercializacion de Aceite Crudo de Palma y derivados.<\/span><\/p>\n<p style=\"text-align: justify;\"><span style=\"font-family: inherit; font-weight: normal;\">Oleaginosas Padre Abad S.A \u2013 OLPASA, es una empresa privada conformado por peque\u00f1os agricultores palmicultores y una organizaci\u00f3n que agrupa a estos como socios (ASPASH). Este modelo empresarial promovido por el programa ONUDD\/UNOPS de las Naciones Unidas ofrece muchas ventajas para el productor tanto as\u00ed que permiti\u00f3 que bajo criterios t\u00e9cnicos de calificaci\u00f3n se convirtieran en accionistas y por consiguiente reciban utilidades de su empresa, generando con ello un desarrollo sostenido de la zona (Valle de Shambillo) y un incremento en sus ingresos y de esta manera una mejora en su calidad de vida.<\/span><\/p>\n<p style=\"text-align: justify;\"><span style=\"font-family: ABeeZee; font-weight: normal;\"><span style=\"font-family: inherit;\">La planta extractora esta ubicada en el distrito el Boquer\u00f3n, y provincia de Padre Abad del departamento de Ucayali &#8211; Peru, cuya capacidad inicial de procesamiento fue de 6 toneladas de RFF (Racimo de Fruto Fresco) por hora, y que en la actualidad est\u00e1 en proceso de ampliacion\u00a0 a 30 toneladas de RFF\/hora<\/span>.<\/span><\/p>\n<p>[\/et_pb_toggle][et_pb_toggle title=\u00bbMISI\u00d3N\u00bb _builder_version=\u00bb4.16&#8243; title_text_color=\u00bb#2c8411&#8243; title_level=\u00bbh3&#8243; title_font=\u00bbABeeZee||||||||\u00bb animation_style=\u00bbfade\u00bb box_shadow_style=\u00bbpreset1&#8243; global_colors_info=\u00bb{}\u00bb]<\/p>\n<p style=\"text-align: justify;\">\u201cBrindar productos derivado del aceite crudo de palma de buena calidad y satisfacer las necesidades de nuestros clientes a trav\u00e9s de pol\u00edticas innovadoras empresariales y mejora continua.<\/p>\n<p style=\"text-align: justify;\">Maximizar valor a sus accionistas, contribuir al desarrollo de su personal y de su entorno regional, nacional e internacional\u00bb<\/p>\n<p style=\"text-align: justify;\">\n<p>[\/et_pb_toggle][et_pb_toggle title=\u00bbVISION\u00bb icon_color=\u00bb#7a7a7a\u00bb open_icon_color=\u00bb#7a7a7a\u00bb _builder_version=\u00bb4.16&#8243; title_text_color=\u00bb#2c8411&#8243; title_level=\u00bbh3&#8243; title_font=\u00bbABeeZee||||||||\u00bb animation_style=\u00bbfade\u00bb box_shadow_style=\u00bbpreset1&#8243; global_colors_info=\u00bb{}\u00bb]<\/p>\n<p style=\"text-align: justify;\">\u201cSer una de las empresas m\u00e1s s\u00f3lidas del pa\u00eds, diversificada en derivados del aceite de palma, l\u00edder en crecimiento y excelencia operativa, actuando con responsabilidad social y con un equipo humano comprometido y altamente calificado. Respetando las condiciones de calidad, seguridad y medio ambiente\u201d.<\/p>\n<p>[\/et_pb_toggle][\/et_pb_column][\/et_pb_row][et_pb_row column_structure=\u00bb1_3,1_3,1_3&#8243; _builder_version=\u00bb4.16&#8243; global_colors_info=\u00bb{}\u00bb][et_pb_column type=\u00bb1_3&#8243; _builder_version=\u00bb4.16&#8243; custom_padding=\u00bb|||\u00bb global_colors_info=\u00bb{}\u00bb custom_padding__hover=\u00bb|||\u00bb][\/et_pb_column][et_pb_column type=\u00bb1_3&#8243; _builder_version=\u00bb4.16&#8243; custom_padding=\u00bb|||\u00bb global_colors_info=\u00bb{}\u00bb custom_padding__hover=\u00bb|||\u00bb][et_pb_image src=\u00bbhttp:\/\/olpasa.pe\/wp-content\/uploads\/2018\/04\/VALORES-1.png\u00bb align_tablet=\u00bbcenter\u00bb align_phone=\u00bb\u00bb align_last_edited=\u00bbon|desktop\u00bb _builder_version=\u00bb4.16&#8243; animation_style=\u00bbslide\u00bb global_colors_info=\u00bb{}\u00bb]\u00a0<br \/>\n[\/et_pb_image][\/et_pb_column][et_pb_column type=\u00bb1_3&#8243; _builder_version=\u00bb4.16&#8243; custom_padding=\u00bb|||\u00bb global_colors_info=\u00bb{}\u00bb custom_padding__hover=\u00bb|||\u00bb][\/et_pb_column][\/et_pb_row][et_pb_row column_structure=\u00bb1_2,1_2&#8243; _builder_version=\u00bb4.16&#8243; global_colors_info=\u00bb{}\u00bb][et_pb_column type=\u00bb1_2&#8243; _builder_version=\u00bb4.16&#8243; custom_padding=\u00bb|||\u00bb global_colors_info=\u00bb{}\u00bb custom_padding__hover=\u00bb|||\u00bb][et_pb_blurb title=\u00bbHONESTIDAD\u00bb _builder_version=\u00bb4.16&#8243; header_font=\u00bb||||||||\u00bb header_text_align=\u00bbcenter\u00bb header_text_color=\u00bb#2c8411&#8243; animation_style=\u00bbflip\u00bb global_colors_info=\u00bb{}\u00bb]<\/p>\n<p style=\"text-align: justify;\">Nuestras actuaciones, relaciones y compromisos empresariales, se basan en un marco de honradez y lealtad. Otorgar a cada cual, dentro de la empresa, lo que le corresponde seg\u00fan criterios ciertos y razonables.<\/p>\n<p>[\/et_pb_blurb][\/et_pb_column][et_pb_column type=\u00bb1_2&#8243; _builder_version=\u00bb4.16&#8243; custom_padding=\u00bb|||\u00bb global_colors_info=\u00bb{}\u00bb custom_padding__hover=\u00bb|||\u00bb][et_pb_blurb title=\u00bbRESPONSABILIDAD\u00bb _builder_version=\u00bb4.16&#8243; header_font=\u00bb||||||||\u00bb header_text_align=\u00bbcenter\u00bb header_text_color=\u00bb#2c8411&#8243; animation_style=\u00bbflip\u00bb global_colors_info=\u00bb{}\u00bb]<\/p>\n<p style=\"text-align: justify;\">Realizamos nuestras labores empresariales con entrega, dedicaci\u00f3n y compromiso, dando siempre lo mejor de cada uno de nosotros. Asumir las consecuencias de lo que se hace o se deja de hacer en la empresa y su entorno. Tomar acci\u00f3n cuando sea menester; obrar de manera que se contribuya al logro de los objetivos de la empresa.<\/p>\n<p>[\/et_pb_blurb][\/et_pb_column][\/et_pb_row][et_pb_row column_structure=\u00bb1_2,1_2&#8243; _builder_version=\u00bb4.16&#8243; global_colors_info=\u00bb{}\u00bb][et_pb_column type=\u00bb1_2&#8243; _builder_version=\u00bb4.16&#8243; custom_padding=\u00bb|||\u00bb global_colors_info=\u00bb{}\u00bb custom_padding__hover=\u00bb|||\u00bb][et_pb_blurb title=\u00bbTRANSPARENCIA\u00bb _builder_version=\u00bb4.16&#8243; header_font=\u00bb||||||||\u00bb header_text_align=\u00bbcenter\u00bb header_text_color=\u00bb#2c8411&#8243; animation_style=\u00bbflip\u00bb global_colors_info=\u00bb{}\u00bb]<\/p>\n<p style=\"text-align: justify;\">Obrar en nuestras labores empresariales con transparencia y clara orientaci\u00f3n moral cumpliendo con las responsabilidades asignadas en el uso de la informaci\u00f3n, de los recursos materiales y financieros. Mostrar una conducta ejemplar dentro y fuera de la empresa.<\/p>\n<p>[\/et_pb_blurb][\/et_pb_column][et_pb_column type=\u00bb1_2&#8243; _builder_version=\u00bb4.16&#8243; custom_padding=\u00bb|||\u00bb global_colors_info=\u00bb{}\u00bb custom_padding__hover=\u00bb|||\u00bb][et_pb_blurb title=\u00bbETICA\u00bb _builder_version=\u00bb4.16&#8243; header_font=\u00bb||||||||\u00bb header_text_align=\u00bbcenter\u00bb header_text_color=\u00bb#2c8411&#8243; animation_style=\u00bbflip\u00bb global_colors_info=\u00bb{}\u00bb]Desarrollar nuestras actividades empresariales con responsabilidad, honestidad, lealtad y entendimiento, proporcionando un entorno \u00e9tico en todas acciones que realiza la empresa.<br \/>\n[\/et_pb_blurb][\/et_pb_column][\/et_pb_row][et_pb_row column_structure=\u00bb1_2,1_2&#8243; _builder_version=\u00bb4.16&#8243; global_colors_info=\u00bb{}\u00bb][et_pb_column type=\u00bb1_2&#8243; _builder_version=\u00bb4.16&#8243; custom_padding=\u00bb|||\u00bb global_colors_info=\u00bb{}\u00bb custom_padding__hover=\u00bb|||\u00bb][et_pb_blurb title=\u00bbCONFIANZA\u00bb _builder_version=\u00bb4.16&#8243; header_font=\u00bb||||||||\u00bb header_text_align=\u00bbcenter\u00bb header_text_color=\u00bb#2c8411&#8243; animation_style=\u00bbflip\u00bb global_colors_info=\u00bb{}\u00bb]Nuestras actuaciones empresariales, generan seguridad en nuestros accionistas, proveedores, clientes, colaboradores y en nuestra sociedad.<br \/>\n[\/et_pb_blurb][\/et_pb_column][et_pb_column type=\u00bb1_2&#8243; _builder_version=\u00bb4.16&#8243; custom_padding=\u00bb|||\u00bb global_colors_info=\u00bb{}\u00bb custom_padding__hover=\u00bb|||\u00bb][et_pb_blurb title=\u00bbRESPETO\u00bb _builder_version=\u00bb4.16&#8243; header_font=\u00bb||||||||\u00bb header_text_align=\u00bbcenter\u00bb header_text_color=\u00bb#2c8411&#8243; animation_style=\u00bbflip\u00bb global_colors_info=\u00bb{}\u00bb]Mantenemos el respeto de los valores y principios de todos los grupos de inter\u00e9s relacionados con la empresa; as\u00ed como, el respeto de los derechos humanos de nuestras comunidades y de nosotros mismos. Asimismo aceptar y cumplir las leyes, las normas sociales y las de la naturaleza.<br \/>\n[\/et_pb_blurb][\/et_pb_column][\/et_pb_row][\/et_pb_section][et_pb_section fb_built=\u00bb1&#8243; _builder_version=\u00bb3.0.106&#8243; background_color=\u00bbrgba(38,38,38,0.96)\u00bb background_image=\u00bbhttp:\/\/olpasa.pe\/wp-content\/uploads\/2018\/03\/IMG_8973-morro300kbbw.jpg\u00bb background_blend=\u00bbsoft-light\u00bb custom_margin=\u00bb0px||0px|\u00bb custom_padding=\u00bb0px||0px|\u00bb global_module=\u00bb963&#8243; global_colors_info=\u00bb{}\u00bb][et_pb_row _builder_version=\u00bb4.16&#8243; global_colors_info=\u00bb{}\u00bb][et_pb_column type=\u00bb4_4&#8243; _builder_version=\u00bb4.16&#8243; custom_padding=\u00bb|||\u00bb global_colors_info=\u00bb{}\u00bb custom_padding__hover=\u00bb|||\u00bb][et_pb_text _builder_version=\u00bb4.16&#8243; inline_fonts=\u00bbAbel\u00bb global_colors_info=\u00bb{}\u00bb]<\/p>\n<h2 style=\"text-align: center;\"><strong><span style=\"font-family: Abel;\"><span style=\"color: #ffffff;\">CONTACTENOS:<\/span><\/span><\/strong><\/h2>\n<p>[\/et_pb_text][\/et_pb_column][\/et_pb_row][et_pb_row column_structure=\u00bb1_3,1_3,1_3&#8243; _builder_version=\u00bb4.16&#8243; global_colors_info=\u00bb{}\u00bb][et_pb_column type=\u00bb1_3&#8243; _builder_version=\u00bb4.16&#8243; custom_padding=\u00bb|||\u00bb global_colors_info=\u00bb{}\u00bb custom_padding__hover=\u00bb|||\u00bb][et_pb_blurb title=\u00bbPlanta Y Oficina Administrativa\u00bb use_icon=\u00bbon\u00bb font_icon=\u00bb&#xe009;||divi||400&#8243; icon_placement=\u00bbleft\u00bb _builder_version=\u00bb4.16&#8243; header_level=\u00bbh5&#8243; header_font=\u00bbAbel|700|||||||\u00bb header_text_color=\u00bb#ffffff\u00bb body_font=\u00bb||||||||\u00bb background_layout=\u00bbdark\u00bb custom_margin=\u00bb0px|||\u00bb custom_padding=\u00bb0px|||\u00bb body_text_shadow_style=\u00bbpreset2&#8243; text_shadow_style=\u00bbpreset4&#8243; inline_fonts=\u00bbAbel\u00bb global_colors_info=\u00bb{}\u00bb]<\/p>\n<h5 style=\"text-align: justify;\"><span style=\"font-family: Abel; font-weight: normal;\">Carretera Federico Basadre Km 178 C.P. Boquer\u00f3n-Padre Abad\u00a0&#8211; Padre Abad &#8211; Ucayali &#8211; Per\u00fa.<\/span><\/h5>\n<p>[\/et_pb_blurb][et_pb_blurb title=\u00bbSECRETARIA\u00bb use_icon=\u00bbon\u00bb font_icon=\u00bb&#xe00b;||divi||400&#8243; icon_placement=\u00bbleft\u00bb _builder_version=\u00bb4.16&#8243; header_font=\u00bbAbel|700|||||||\u00bb header_text_color=\u00bb#ffffff\u00bb body_font=\u00bbAbel||||||||\u00bb background_layout=\u00bbdark\u00bb custom_margin=\u00bb0px||0px|\u00bb custom_padding=\u00bb0px||0px|\u00bb body_text_shadow_style=\u00bbpreset2&#8243; text_shadow_style=\u00bbpreset4&#8243; global_colors_info=\u00bb{}\u00bb]<\/p>\n<p>961 999 753<\/p>\n<p>[\/et_pb_blurb][\/et_pb_column][et_pb_column type=\u00bb1_3&#8243; _builder_version=\u00bb4.16&#8243; custom_padding=\u00bb|||\u00bb global_colors_info=\u00bb{}\u00bb custom_padding__hover=\u00bb|||\u00bb][et_pb_blurb title=\u00bbCorreos\u00bb use_icon=\u00bbon\u00bb font_icon=\u00bb&#xe010;||divi||400&#8243; icon_placement=\u00bbleft\u00bb _builder_version=\u00bb4.16&#8243; header_level=\u00bbh3&#8243; header_font=\u00bbAbel|700|||||||\u00bb header_text_color=\u00bb#ffffff\u00bb body_font=\u00bbAbel||||||||\u00bb background_layout=\u00bbdark\u00bb custom_margin=\u00bb0px||0px|\u00bb custom_padding=\u00bb0px||0px|\u00bb body_text_shadow_style=\u00bbpreset2&#8243; text_shadow_style=\u00bbpreset4&#8243; inline_fonts=\u00bbAbel\u00bb global_colors_info=\u00bb{}\u00bb]<\/p>\n<ul>\n<li><span style=\"font-weight: normal; color: #ffffff;\">gerencia@olpasa.pe<\/span><\/li>\n<li>administraci\u00f3n@olpasa.<\/li>\n<li><span style=\"font-weight: normal; color: #ffffff;\">contabilidad@olpasa.pe<\/span><\/li>\n<li><span style=\"font-weight: normal; color: #ffffff;\"><a style=\"color: #ffffff;\" href=\"mailto:logistica@olpasa.pe\">logistica@olpasa.pe<\/a><\/span><\/li>\n<\/ul>\n<p>[\/et_pb_blurb][et_pb_text _builder_version=\u00bb4.16&#8243; global_colors_info=\u00bb{}\u00bb]<\/p>\n<p>\u00a0<\/p>\n<p>[\/et_pb_text][\/et_pb_column][et_pb_column type=\u00bb1_3&#8243; _builder_version=\u00bb4.16&#8243; custom_padding=\u00bb|||\u00bb global_colors_info=\u00bb{}\u00bb custom_padding__hover=\u00bb|||\u00bb][et_pb_blurb title=\u00bbLibro Reclamaciones\u00bb url=\u00bbhttp:\/\/olpasa.pe\/reclamaciones\/\u00bb use_icon=\u00bbon\u00bb font_icon=\u00bb&#xe086;||divi||400&#8243; icon_placement=\u00bbleft\u00bb _builder_version=\u00bb4.16&#8243; header_level=\u00bbh3&#8243; header_font=\u00bbAbel|700|||||||\u00bb header_text_color=\u00bb#ffffff\u00bb body_font=\u00bbAbel||||||||\u00bb background_layout=\u00bbdark\u00bb custom_margin=\u00bb0px||0px|\u00bb custom_padding=\u00bb0px||0px|\u00bb body_text_shadow_style=\u00bbpreset2&#8243; text_shadow_style=\u00bbpreset4&#8243; inline_fonts=\u00bbAbel\u00bb global_colors_info=\u00bb{}\u00bb][\/et_pb_blurb][\/et_pb_column][\/et_pb_row][\/et_pb_section]<\/p>\n","protected":false},"excerpt":{"rendered":"<p>Somos una Empresa Agroindustrial dedicada a la Extraccion y Comercializacion de Aceite Crudo de Palma y derivados. Oleaginosas Padre Abad S.A \u2013 OLPASA, es una empresa privada conformado por peque\u00f1os agricultores palmicultores y una organizaci\u00f3n que agrupa a estos como socios (ASPASH). Este modelo empresarial promovido por el programa ONUDD\/UNOPS de las Naciones Unidas ofrece [&hellip;]<\/p>\n","protected":false},"author":1,"featured_media":0,"parent":603,"menu_order":0,"comment_status":"closed","ping_status":"closed","template":"","meta":{"_et_pb_use_builder":"on","_et_pb_old_content":"","_et_gb_content_width":"","_exactmetrics_skip_tracking":false,"_exactmetrics_sitenote_active":false,"_exactmetrics_sitenote_note":"","_exactmetrics_sitenote_category":0,"footnotes":""},"class_list":["post-802","page","type-page","status-publish","hentry"],"_links":{"self":[{"href":"https:\/\/olpasa.pe\/index.php?rest_route=\/wp\/v2\/pages\/802","targetHints":{"allow":["GET"]}}],"collection":[{"href":"https:\/\/olpasa.pe\/index.php?rest_route=\/wp\/v2\/pages"}],"about":[{"href":"https:\/\/olpasa.pe\/index.php?rest_route=\/wp\/v2\/types\/page"}],"author":[{"embeddable":true,"href":"https:\/\/olpasa.pe\/index.php?rest_route=\/wp\/v2\/users\/1"}],"replies":[{"embeddable":true,"href":"https:\/\/olpasa.pe\/index.php?rest_route=%2Fwp%2Fv2%2Fcomments&post=802"}],"version-history":[{"count":22,"href":"https:\/\/olpasa.pe\/index.php?rest_route=\/wp\/v2\/pages\/802\/revisions"}],"predecessor-version":[{"id":3313,"href":"https:\/\/olpasa.pe\/index.php?rest_route=\/wp\/v2\/pages\/802\/revisions\/3313"}],"up":[{"embeddable":true,"href":"https:\/\/olpasa.pe\/index.php?rest_route=\/wp\/v2\/pages\/603"}],"wp:attachment":[{"href":"https:\/\/olpasa.pe\/index.php?rest_route=%2Fwp%2Fv2%2Fmedia&parent=802"}],"curies":[{"name":"wp","href":"https:\/\/api.w.org\/{rel}","templated":true}]}}