{"id":673,"date":"2017-11-14T16:07:39","date_gmt":"2017-11-14T16:07:39","guid":{"rendered":"http:\/\/olpasa.pe\/?page_id=673"},"modified":"2018-04-06T16:36:40","modified_gmt":"2018-04-06T16:36:40","slug":"resena","status":"publish","type":"page","link":"https:\/\/olpasa.pe\/?page_id=673","title":{"rendered":"Rese\u00f1a Historica"},"content":{"rendered":"<p>[et_pb_section bb_built=\u00bb1&#8243; fullwidth=\u00bbon\u00bb _builder_version=\u00bb3.0.106&#8243; next_background_color=\u00bb#000000&#8243;][et_pb_fullwidth_slider _builder_version=\u00bb3.0.106&#8243; auto=\u00bbon\u00bb auto_ignore_hover=\u00bbon\u00bb animation_style=\u00bbfade\u00bb][et_pb_slide heading=\u00bbOLPASA\u00bb _builder_version=\u00bb3.0.106&#8243; background_color=\u00bb#ffffff\u00bb background_image=\u00bbhttp:\/\/olpasa.pe\/wp-content\/uploads\/2018\/03\/manoo44444.jpg\u00bb header_font=\u00bb||||||||\u00bb header_level=\u00bbh2&#8243; body_font=\u00bb||||||||\u00bb]<\/p>\n<p>Oleaginosas Padre Abad S.A.<\/p>\n<p>[\/et_pb_slide][et_pb_slide _builder_version=\u00bb3.0.106&#8243; background_color=\u00bb#ffffff\u00bb background_image=\u00bbhttp:\/\/olpasa.pe\/wp-content\/uploads\/2018\/03\/IMG_0156TOLVA.jpg\u00bb][\/et_pb_slide][et_pb_slide _builder_version=\u00bb3.0.106&#8243; background_color=\u00bb#ffffff\u00bb background_image=\u00bbhttp:\/\/olpasa.pe\/wp-content\/uploads\/2018\/03\/IMG_6094tanques1escalarcortoar-1.jpg\u00bb][\/et_pb_slide][\/et_pb_fullwidth_slider][\/et_pb_section][et_pb_section bb_built=\u00bb1&#8243; _builder_version=\u00bb3.0.106&#8243; prev_background_color=\u00bb#000000&#8243; next_background_color=\u00bbrgba(38,38,38,0.96)\u00bb][et_pb_row _builder_version=\u00bb3.0.106&#8243; background_size=\u00bbinitial\u00bb background_position=\u00bbtop_left\u00bb background_repeat=\u00bbrepeat\u00bb][et_pb_column type=\u00bb1_3&#8243;][et_pb_gallery gallery_ids=\u00bb886,884,885&#8243; gallery_captions=\u00bb,Inaguracion de la Planta,Inaguracion de la Planta\u00bb fullwidth=\u00bbon\u00bb hover_icon=\u00bb%%28%%\u00bb _builder_version=\u00bb3.0.106&#8243; border_radii=\u00bbon|1px|1px|1px|1px\u00bb border_width_all=\u00bb1px\u00bb border_color_all=\u00bb#e09900&#8243; animation_style=\u00bbzoom\u00bb box_shadow_style=\u00bbpreset6&#8243; background_layout=\u00bbdark\u00bb auto=\u00bbon\u00bb text_orientation=\u00bbcenter\u00bb title_font=\u00bb||||||||\u00bb pagination_font=\u00bb||||||||\u00bb \/][\/et_pb_column][et_pb_column type=\u00bb2_3&#8243;][et_pb_text _builder_version=\u00bb3.0.106&#8243;]<\/p>\n<h2><span style=\"font-family: inherit; font-weight: normal;\"><strong>Rese\u00f1a Historica<\/strong><\/span><\/h2>\n<p style=\"text-align: justify;\"><span style=\"font-family: inherit; font-weight: normal;\">\u00a0OLEAGINOSAS PADRE ABAD S.A., es una persona jur\u00eddica de derecho privado, constituida el 31 de julio del 2008, mediante testimonio elevado a escritura p\u00fablica por la Abogada Notaria Giovanna Merino Reyna Campod\u00f3nico, e inscrita en los Registros P\u00fablicos de Ucayali, sede Pucallpa con Partida Electr\u00f3nica N\u00b011041423.<\/span><br \/>\n<span style=\"font-family: inherit; font-weight: normal;\"> Oleaginosas Padre Abad S.A \u2013 OLPASA, es una empresa privada de accionariado difundido conformado por peque\u00f1os agricultores palmicultores y una organizaci\u00f3n que agrupa a estos como socios (ASPASH). Este modelo empresarial promovido por el programa ONUDD\/UNOPS de las Naciones Unidas ofrece muchas ventajas para el productor tanto as\u00ed que permiti\u00f3 que bajo criterios t\u00e9cnicos de calificaci\u00f3n se convirtieran en accionistas y por consiguiente reciban utilidades de su empresa, generando con ello un desarrollo sostenido de la zona (Valle de Shambillo) y un incremento en sus ingresos y de esta manera una mejora en su calidad de vida.<\/span><\/p>\n<p style=\"text-align: justify;\"><span style=\"font-family: inherit; font-weight: normal;\">\u00a0Estos resultados sobre todo econ\u00f3micos nos motivan a continuar trabajando, tenemos muchos retos por delante y todo el equipo lo asumimos con mucha responsabilidad, agradecemos a quienes nos siguen brindando su confianza y les decimos en nombre del Directorio, Gerencia General, personal administrativo, t\u00e9cnicos de campo y planta que sigan apoy\u00e1ndonos para as\u00ed seguir cosechando logros para nuestra empresa y para las familias que dependen de ella.<\/span><\/p>\n<p>[\/et_pb_text][\/et_pb_column][\/et_pb_row][\/et_pb_section][et_pb_section bb_built=\u00bb1&#8243; background_color=\u00bbrgba(38,38,38,0.96)\u00bb _builder_version=\u00bb3.0.106&#8243; background_image=\u00bbhttp:\/\/olpasa.pe\/wp-content\/uploads\/2018\/03\/IMG_8973-morro300kbbw.jpg\u00bb background_blend=\u00bbsoft-light\u00bb custom_margin=\u00bb0px|||\u00bb custom_padding=\u00bb0px||0px|\u00bb prev_background_color=\u00bb#ffffff\u00bb global_module=\u00bb963&#8243;][et_pb_row global_parent=\u00bb963&#8243; custom_padding=\u00bb0px||0px|\u00bb custom_margin=\u00bb0px|||\u00bb padding_top_1=\u00bb0px\u00bb padding_bottom_1=\u00bb0px\u00bb padding_top_2=\u00bb0px\u00bb padding_bottom_2=\u00bb0px\u00bb padding_top_3=\u00bb0px\u00bb padding_bottom_3=\u00bb0px\u00bb _builder_version=\u00bb3.0.106&#8243;][et_pb_column type=\u00bb4_4&#8243;][et_pb_text global_parent=\u00bb963&#8243; _builder_version=\u00bb3.0.106&#8243;]<\/p>\n<p>&nbsp;<\/p>\n<p>[\/et_pb_text][\/et_pb_column][\/et_pb_row][et_pb_row global_parent=\u00bb963&#8243; _builder_version=\u00bb3.0.106&#8243;][et_pb_column type=\u00bb4_4&#8243;][et_pb_text global_parent=\u00bb963&#8243; _builder_version=\u00bb3.0.106&#8243; inline_fonts=\u00bbAbel\u00bb]<\/p>\n<h2 style=\"text-align: center;\"><strong><span style=\"font-family: Abel;\"><span style=\"color: #ffffff;\">CONTACTENOS:<\/span><\/span><\/strong><\/h2>\n<p>[\/et_pb_text][\/et_pb_column][\/et_pb_row][et_pb_row global_parent=\u00bb963&#8243; _builder_version=\u00bb3.0.106&#8243;][et_pb_column type=\u00bb1_2&#8243;][et_pb_blurb global_parent=\u00bb963&#8243; title=\u00bbPlanta Y Oficina Administrativa\u00bb use_icon=\u00bbon\u00bb font_icon=\u00bb%%102%%\u00bb icon_placement=\u00bbleft\u00bb background_layout=\u00bbdark\u00bb _builder_version=\u00bb3.0.106&#8243; header_level=\u00bbh5&#8243; header_font=\u00bbAbel|700|||||||\u00bb header_text_color=\u00bb#ffffff\u00bb body_font=\u00bb||||||||\u00bb body_text_shadow_style=\u00bbpreset2&#8243; custom_margin=\u00bb0px|||\u00bb custom_padding=\u00bb0px|||\u00bb text_shadow_style=\u00bbpreset4&#8243; inline_fonts=\u00bbAbel\u00bb]<\/p>\n<h5 style=\"text-align: justify;\"><span style=\"font-family: Abel; font-weight: normal;\">Carretera Federico Basadre Km 178 C.P. Boquer\u00f3n-Padre Abad\u00a0&#8211; Padre Abad &#8211; Ucayali &#8211; Per\u00fa.<\/span><\/h5>\n<p>[\/et_pb_blurb][et_pb_blurb global_parent=\u00bb963&#8243; title=\u00bbTelefono\u00bb use_icon=\u00bbon\u00bb font_icon=\u00bb%%104%%\u00bb icon_placement=\u00bbleft\u00bb background_layout=\u00bbdark\u00bb _builder_version=\u00bb3.0.106&#8243; header_font=\u00bbAbel|700|||||||\u00bb header_text_color=\u00bb#ffffff\u00bb body_font=\u00bbAbel||||||||\u00bb body_text_shadow_style=\u00bbpreset2&#8243; custom_margin=\u00bb0px||0px|\u00bb custom_padding=\u00bb0px||0px|\u00bb text_shadow_style=\u00bbpreset4&#8243;]<\/p>\n<p>961 999 753<\/p>\n<p>[\/et_pb_blurb][\/et_pb_column][et_pb_column type=\u00bb1_2&#8243;][et_pb_blurb global_parent=\u00bb963&#8243; title=\u00bbCorreos\u00bb use_icon=\u00bbon\u00bb font_icon=\u00bb%%109%%\u00bb icon_placement=\u00bbleft\u00bb background_layout=\u00bbdark\u00bb _builder_version=\u00bb3.0.106&#8243; header_level=\u00bbh3&#8243; header_font=\u00bbAbel|700|||||||\u00bb header_text_color=\u00bb#ffffff\u00bb body_font=\u00bbAbel||||||||\u00bb body_text_shadow_style=\u00bbpreset2&#8243; custom_margin=\u00bb0px||0px|\u00bb custom_padding=\u00bb0px||0px|\u00bb text_shadow_style=\u00bbpreset4&#8243; inline_fonts=\u00bbAbel\u00bb]<\/p>\n<ul>\n<li><span style=\"font-weight: normal; color: #ffffff;\">administracion@olpasa.pe<\/span><\/li>\n<li><span style=\"font-weight: normal;\">gerencia@olpasa.pe<\/span><\/li>\n<li><span style=\"font-weight: normal; color: #ffffff;\"><a style=\"color: #ffffff;\" href=\"mailto:logistica@olpasa.pe\">logistica@olpasa.pe<\/a><\/span><\/li>\n<li><span style=\"font-weight: normal;\">contabilidad@olpasa.pe<\/span><\/li>\n<\/ul>\n<p>[\/et_pb_blurb][et_pb_text global_parent=\u00bb963&#8243; _builder_version=\u00bb3.0.106&#8243;]<\/p>\n<p>&nbsp;<\/p>\n<p>[\/et_pb_text][\/et_pb_column][\/et_pb_row][\/et_pb_section]<\/p>\n","protected":false},"excerpt":{"rendered":"<p>Oleaginosas Padre Abad S.A. Rese\u00f1a Historica \u00a0OLEAGINOSAS PADRE ABAD S.A., es una persona jur\u00eddica de derecho privado, constituida el 31 de julio del 2008, mediante testimonio elevado a escritura p\u00fablica por la Abogada Notaria Giovanna Merino Reyna Campod\u00f3nico, e inscrita en los Registros P\u00fablicos de Ucayali, sede Pucallpa con Partida Electr\u00f3nica N\u00b011041423. Oleaginosas Padre Abad [&hellip;]<\/p>\n","protected":false},"author":1,"featured_media":0,"parent":603,"menu_order":0,"comment_status":"closed","ping_status":"closed","template":"","meta":{"_et_pb_use_builder":"on","_et_pb_old_content":"","_et_gb_content_width":"","_exactmetrics_skip_tracking":false,"_exactmetrics_sitenote_active":false,"_exactmetrics_sitenote_note":"","_exactmetrics_sitenote_category":0,"footnotes":""},"class_list":["post-673","page","type-page","status-publish","hentry"],"_links":{"self":[{"href":"https:\/\/olpasa.pe\/index.php?rest_route=\/wp\/v2\/pages\/673","targetHints":{"allow":["GET"]}}],"collection":[{"href":"https:\/\/olpasa.pe\/index.php?rest_route=\/wp\/v2\/pages"}],"about":[{"href":"https:\/\/olpasa.pe\/index.php?rest_route=\/wp\/v2\/types\/page"}],"author":[{"embeddable":true,"href":"https:\/\/olpasa.pe\/index.php?rest_route=\/wp\/v2\/users\/1"}],"replies":[{"embeddable":true,"href":"https:\/\/olpasa.pe\/index.php?rest_route=%2Fwp%2Fv2%2Fcomments&post=673"}],"version-history":[{"count":13,"href":"https:\/\/olpasa.pe\/index.php?rest_route=\/wp\/v2\/pages\/673\/revisions"}],"predecessor-version":[{"id":1079,"href":"https:\/\/olpasa.pe\/index.php?rest_route=\/wp\/v2\/pages\/673\/revisions\/1079"}],"up":[{"embeddable":true,"href":"https:\/\/olpasa.pe\/index.php?rest_route=\/wp\/v2\/pages\/603"}],"wp:attachment":[{"href":"https:\/\/olpasa.pe\/index.php?rest_route=%2Fwp%2Fv2%2Fmedia&parent=673"}],"curies":[{"name":"wp","href":"https:\/\/api.w.org\/{rel}","templated":true}]}}