{"id":3298,"date":"2024-06-15T14:44:53","date_gmt":"2024-06-15T14:44:53","guid":{"rendered":"https:\/\/olpasa.pe\/?page_id=3298"},"modified":"2024-06-15T15:21:13","modified_gmt":"2024-06-15T15:21:13","slug":"politicas-de-pdp","status":"publish","type":"page","link":"https:\/\/olpasa.pe\/?page_id=3298","title":{"rendered":"Pol\u00edticas de PDP"},"content":{"rendered":"<p>[et_pb_section fb_built=\u00bb1&#8243; fullwidth=\u00bbon\u00bb _builder_version=\u00bb4.16&#8243; custom_margin=\u00bb||2px|\u00bb box_shadow_style=\u00bbpreset1&#8243; global_colors_info=\u00bb{}\u00bb][et_pb_fullwidth_slider admin_label=\u00bbFullwidth Slider\u00bb _builder_version=\u00bb4.16&#8243; custom_padding=\u00bb|||\u00bb auto=\u00bbon\u00bb auto_speed=\u00bb4000&#8243; auto_ignore_hover=\u00bbon\u00bb saved_tabs=\u00bball\u00bb global_colors_info=\u00bb{}\u00bb button_text_size__hover_enabled=\u00bboff\u00bb button_one_text_size__hover_enabled=\u00bboff\u00bb button_two_text_size__hover_enabled=\u00bboff\u00bb button_text_color__hover_enabled=\u00bboff\u00bb button_one_text_color__hover_enabled=\u00bboff\u00bb button_two_text_color__hover_enabled=\u00bboff\u00bb button_border_width__hover_enabled=\u00bboff\u00bb button_one_border_width__hover_enabled=\u00bboff\u00bb button_two_border_width__hover_enabled=\u00bboff\u00bb button_border_color__hover_enabled=\u00bboff\u00bb button_one_border_color__hover_enabled=\u00bboff\u00bb button_two_border_color__hover_enabled=\u00bboff\u00bb button_border_radius__hover_enabled=\u00bboff\u00bb button_one_border_radius__hover_enabled=\u00bboff\u00bb button_two_border_radius__hover_enabled=\u00bboff\u00bb button_letter_spacing__hover_enabled=\u00bboff\u00bb button_one_letter_spacing__hover_enabled=\u00bboff\u00bb button_two_letter_spacing__hover_enabled=\u00bboff\u00bb button_bg_color__hover_enabled=\u00bboff\u00bb button_one_bg_color__hover_enabled=\u00bboff\u00bb button_two_bg_color__hover_enabled=\u00bboff\u00bb][et_pb_slide heading=\u00bbOLPASA\u00bb use_bg_overlay=\u00bboff\u00bb use_text_overlay=\u00bboff\u00bb _builder_version=\u00bb4.16&#8243; header_font=\u00bb||||\u00bb body_font=\u00bb||||\u00bb background_color=\u00bb#81dfde\u00bb background_image=\u00bbhttp:\/\/olpasa.pe\/wp-content\/uploads\/2018\/03\/manoo44444.jpg\u00bb global_colors_info=\u00bb{}\u00bb button_text_size__hover_enabled=\u00bboff\u00bb button_one_text_size__hover_enabled=\u00bboff\u00bb button_two_text_size__hover_enabled=\u00bboff\u00bb button_text_color__hover_enabled=\u00bboff\u00bb button_one_text_color__hover_enabled=\u00bboff\u00bb button_two_text_color__hover_enabled=\u00bboff\u00bb button_border_width__hover_enabled=\u00bboff\u00bb button_one_border_width__hover_enabled=\u00bboff\u00bb button_two_border_width__hover_enabled=\u00bboff\u00bb button_border_color__hover_enabled=\u00bboff\u00bb button_one_border_color__hover_enabled=\u00bboff\u00bb button_two_border_color__hover_enabled=\u00bboff\u00bb button_border_radius__hover_enabled=\u00bboff\u00bb button_one_border_radius__hover_enabled=\u00bboff\u00bb button_two_border_radius__hover_enabled=\u00bboff\u00bb button_letter_spacing__hover_enabled=\u00bboff\u00bb button_one_letter_spacing__hover_enabled=\u00bboff\u00bb button_two_letter_spacing__hover_enabled=\u00bboff\u00bb button_bg_color__hover_enabled=\u00bboff\u00bb button_one_bg_color__hover_enabled=\u00bboff\u00bb button_two_bg_color__hover_enabled=\u00bboff\u00bb sticky_transition=\u00bbon\u00bb]<\/p>\n<p>Contribuyendo con el desarrollo de la Region y el Pais.<\/p>\n<p>[\/et_pb_slide][et_pb_slide use_bg_overlay=\u00bboff\u00bb use_text_overlay=\u00bboff\u00bb _builder_version=\u00bb4.16&#8243; background_color=\u00bb#ffffff\u00bb background_image=\u00bbhttp:\/\/olpasa.pe\/wp-content\/uploads\/2018\/03\/IMG_6094tanques1escalarcortoar-1.jpg\u00bb button_on_hover=\u00bbon\u00bb global_colors_info=\u00bb{}\u00bb button_text_size__hover_enabled=\u00bboff\u00bb button_one_text_size__hover_enabled=\u00bboff\u00bb button_two_text_size__hover_enabled=\u00bboff\u00bb button_text_color__hover_enabled=\u00bboff\u00bb button_one_text_color__hover_enabled=\u00bboff\u00bb button_two_text_color__hover_enabled=\u00bboff\u00bb button_border_width__hover_enabled=\u00bboff\u00bb button_one_border_width__hover_enabled=\u00bboff\u00bb button_two_border_width__hover_enabled=\u00bboff\u00bb button_border_color__hover_enabled=\u00bboff\u00bb button_one_border_color__hover_enabled=\u00bboff\u00bb button_two_border_color__hover_enabled=\u00bboff\u00bb button_border_radius__hover_enabled=\u00bboff\u00bb button_one_border_radius__hover_enabled=\u00bboff\u00bb button_two_border_radius__hover_enabled=\u00bboff\u00bb button_letter_spacing__hover_enabled=\u00bboff\u00bb button_one_letter_spacing__hover_enabled=\u00bboff\u00bb button_two_letter_spacing__hover_enabled=\u00bboff\u00bb button_bg_color__hover_enabled=\u00bboff\u00bb button_one_bg_color__hover_enabled=\u00bboff\u00bb button_two_bg_color__hover_enabled=\u00bboff\u00bb sticky_transition=\u00bbon\u00bb][\/et_pb_slide][et_pb_slide _builder_version=\u00bb4.16&#8243; background_color=\u00bb#ffffff\u00bb background_image=\u00bbhttp:\/\/olpasa.pe\/wp-content\/uploads\/2018\/03\/IMG_0156TOLVA.jpg\u00bb global_colors_info=\u00bb{}\u00bb button_text_size__hover_enabled=\u00bboff\u00bb button_one_text_size__hover_enabled=\u00bboff\u00bb button_two_text_size__hover_enabled=\u00bboff\u00bb button_text_color__hover_enabled=\u00bboff\u00bb button_one_text_color__hover_enabled=\u00bboff\u00bb button_two_text_color__hover_enabled=\u00bboff\u00bb button_border_width__hover_enabled=\u00bboff\u00bb button_one_border_width__hover_enabled=\u00bboff\u00bb button_two_border_width__hover_enabled=\u00bboff\u00bb button_border_color__hover_enabled=\u00bboff\u00bb button_one_border_color__hover_enabled=\u00bboff\u00bb button_two_border_color__hover_enabled=\u00bboff\u00bb button_border_radius__hover_enabled=\u00bboff\u00bb button_one_border_radius__hover_enabled=\u00bboff\u00bb button_two_border_radius__hover_enabled=\u00bboff\u00bb button_letter_spacing__hover_enabled=\u00bboff\u00bb button_one_letter_spacing__hover_enabled=\u00bboff\u00bb button_two_letter_spacing__hover_enabled=\u00bboff\u00bb button_bg_color__hover_enabled=\u00bboff\u00bb button_one_bg_color__hover_enabled=\u00bboff\u00bb button_two_bg_color__hover_enabled=\u00bboff\u00bb sticky_transition=\u00bbon\u00bb][\/et_pb_slide][et_pb_slide _builder_version=\u00bb4.16&#8243; background_color=\u00bb#ffffff\u00bb background_image=\u00bbhttp:\/\/olpasa.pe\/wp-content\/uploads\/2018\/03\/IMG_0114tanquesss.jpg\u00bb global_colors_info=\u00bb{}\u00bb button_text_size__hover_enabled=\u00bboff\u00bb button_one_text_size__hover_enabled=\u00bboff\u00bb button_two_text_size__hover_enabled=\u00bboff\u00bb button_text_color__hover_enabled=\u00bboff\u00bb button_one_text_color__hover_enabled=\u00bboff\u00bb button_two_text_color__hover_enabled=\u00bboff\u00bb button_border_width__hover_enabled=\u00bboff\u00bb button_one_border_width__hover_enabled=\u00bboff\u00bb button_two_border_width__hover_enabled=\u00bboff\u00bb button_border_color__hover_enabled=\u00bboff\u00bb button_one_border_color__hover_enabled=\u00bboff\u00bb button_two_border_color__hover_enabled=\u00bboff\u00bb button_border_radius__hover_enabled=\u00bboff\u00bb button_one_border_radius__hover_enabled=\u00bboff\u00bb button_two_border_radius__hover_enabled=\u00bboff\u00bb button_letter_spacing__hover_enabled=\u00bboff\u00bb button_one_letter_spacing__hover_enabled=\u00bboff\u00bb button_two_letter_spacing__hover_enabled=\u00bboff\u00bb button_bg_color__hover_enabled=\u00bboff\u00bb button_one_bg_color__hover_enabled=\u00bboff\u00bb button_two_bg_color__hover_enabled=\u00bboff\u00bb sticky_transition=\u00bbon\u00bb][\/et_pb_slide][\/et_pb_fullwidth_slider][\/et_pb_section][et_pb_section fb_built=\u00bb1&#8243; _builder_version=\u00bb4.18.0&#8243; hover_enabled=\u00bb0&#8243; global_colors_info=\u00bb{}\u00bb sticky_enabled=\u00bb0&#8243; custom_padding=\u00bb||54px|||\u00bb][et_pb_row _builder_version=\u00bb4.16&#8243; width=\u00bb96.3%\u00bb global_colors_info=\u00bb{}\u00bb][et_pb_column type=\u00bb4_4&#8243; _builder_version=\u00bb4.16&#8243; custom_padding=\u00bb|||\u00bb global_colors_info=\u00bb{}\u00bb custom_padding__hover=\u00bb|||\u00bb][et_pb_text _builder_version=\u00bb4.18.0&#8243; hover_enabled=\u00bb0&#8243; global_colors_info=\u00bb{}\u00bb sticky_enabled=\u00bb0&#8243;]<\/p>\n<h1 style=\"text-align: center;\"><span style=\"color: #008000;\">POL\u00cdTICA DE PROTECCI\u00d3N DE DATOS PERSONALES<\/span><\/h1>\n<p>[\/et_pb_text][et_pb_text _builder_version=\u00bb4.18.0&#8243; custom_margin=\u00bb13px||||false|false\u00bb hover_enabled=\u00bb0&#8243; inline_fonts=\u00bbAbel,Arial\u00bb global_colors_info=\u00bb{}\u00bb sticky_enabled=\u00bb0&#8243;]<\/p>\n<p>La Alta Direcci\u00f3n de <strong>OLEAGINOSAS PADRE ABAD S.A<\/strong>. establece, implementa, mantiene y expresa p\u00fablicamente su Pol\u00edtica de protecci\u00f3n de datos personales, de sus Proveedores, Clientes y Consumidores, Comunidad de su entorno y reconoce su compromiso de:<\/p>\n<ol>\n<li>Los Datos Personales de nuestros, de sus Proveedores, Clientes y Consumidores, se recopilan para una finalidad determinada, expl\u00edcita y l\u00edcita, y no se extender\u00e1 a otra finalidad que no haya sido informada de manera inequ\u00edvoca al momento de su recopilaci\u00f3n, excluyendo los casos de actividades hist\u00f3ricas, estad\u00edsticas o cient\u00edficas, siempre y cuando se utilice un procedimiento de disociaci\u00f3n o anonimizar\u00edan.<\/li>\n<li>Todo tratamiento de Datos Personales ser\u00e1 adecuado, relevante y no excesivo respecto de la finalidad para la cual fueron recopilados.<\/li>\n<li>Los Datos Personales que vayan a ser tratados deben ser veraces, exactos, necesarios, pertinentes y adecuados respecto de la finalidad para la que fueron recopilados. Se conservar\u00e1n de forma tal que se garantice su seguridad y la finalidad para la cual fue recopilada.<\/li>\n<li>Los Datos Personales que conforman la base de datos de OLPASA, se conservan mientras no se solicite su cancelaci\u00f3n por el titular del dato personal, acorde a las normativas legales aplicables.<\/li>\n<li>El Usuario puede ejercer los derechos de acceso, rectificaci\u00f3n, oposici\u00f3n, cancelaci\u00f3n y dem\u00e1s derechos consagrados en la Ley de Protecci\u00f3n de Datos Personales y su Reglamento mediante solicitud dirigida al correo electr\u00f3nico: <span style=\"color: #0c71c3;\"><strong><a href=\"mailto:administraci\u00f3n@olpasa.pe\" style=\"color: #0c71c3;\">administraci\u00f3n@olpasa.pe<\/a> <\/strong><\/span><a href=\"mailto:gerencia@olpasa.pe\"><span style=\"color: #0c71c3;\"><strong>gerencia@olpasa.pe<\/strong><\/span><\/a><\/li>\n<li>Sin perjuicio de lo anterior, OLPASA podr\u00e1 conservar determinada informaci\u00f3n del Usuario que solicita o de quien solicita la baja, a fin de que sirva de prueba ante un eventual reclamo, por responsabilidades derivadas del tratamiento de dicha informaci\u00f3n. La duraci\u00f3n de dicha conservaci\u00f3n no podr\u00e1 ser superior al plazo de prescripci\u00f3n legal de dichas responsabilidades.<\/li>\n<li>OLPASA cuenta con las medidas de seguridad apropiadas, acorde con el tratamiento que se vaya a efectuar y con la categor\u00eda de Datos Personales que se trate.<\/li>\n<li>En caso se gestione o maneje el flujo transfronterizo de Datos Personales, OLPASA aplicar\u00e1 un nivel adecuado de protecci\u00f3n de acuerdo a la Ley y su Reglamento.<\/li>\n<li>OLPASA se compromete a no divulgar o compartir los Datos Personales sus Proveedores, Clientes y Consumidores, sin que haya prestado el debido consentimiento para ello, con excepci\u00f3n de los siguientes casos:\n<ol>\n<li style=\"text-align: justify;\"><span style=\"color: #000000;\">Solicitud de informaci\u00f3n de autoridades p\u00fablicas en ejercicio de sus funciones y el \u00e1mbito de sus competencias.<\/span><\/li>\n<li style=\"text-align: justify;\"><span style=\"color: #000000;\">Solicitud de informaci\u00f3n en virtud de \u00f3rdenes judiciales.<\/span><\/li>\n<li style=\"text-align: justify;\"><span style=\"color: #000000;\">Solicitud de informaci\u00f3n en virtud de disposiciones legales.<\/span><\/li>\n<\/ol>\n<\/li>\n<li>Los encargados de tratamiento, adoptan las medidas t\u00e9cnicas, organizativas y legales necesarias para garantizar la seguridad y confidencialidad de los Datos Personales.<\/li>\n<\/ol>\n<p>&nbsp;<\/p>\n<p>[\/et_pb_text][\/et_pb_column][\/et_pb_row][\/et_pb_section][et_pb_section fb_built=\u00bb1&#8243; _builder_version=\u00bb3.0.106&#8243; background_color=\u00bbrgba(38,38,38,0.96)\u00bb background_image=\u00bbhttp:\/\/olpasa.pe\/wp-content\/uploads\/2018\/03\/IMG_8973-morro300kbbw.jpg\u00bb background_blend=\u00bbsoft-light\u00bb custom_margin=\u00bb0px||0px|\u00bb custom_padding=\u00bb0px||0px|\u00bb global_module=\u00bb963&#8243; global_colors_info=\u00bb{}\u00bb][et_pb_row _builder_version=\u00bb4.16&#8243; global_colors_info=\u00bb{}\u00bb][et_pb_column type=\u00bb4_4&#8243; _builder_version=\u00bb4.16&#8243; custom_padding=\u00bb|||\u00bb global_colors_info=\u00bb{}\u00bb custom_padding__hover=\u00bb|||\u00bb][et_pb_text _builder_version=\u00bb4.16&#8243; inline_fonts=\u00bbAbel\u00bb global_colors_info=\u00bb{}\u00bb]<\/p>\n<h2 style=\"text-align: center;\"><strong><span style=\"font-family: Abel;\"><span style=\"color: #ffffff;\">CONTACTENOS:<\/span><\/span><\/strong><\/h2>\n<p>[\/et_pb_text][\/et_pb_column][\/et_pb_row][et_pb_row column_structure=\u00bb1_3,1_3,1_3&#8243; _builder_version=\u00bb4.16&#8243; global_colors_info=\u00bb{}\u00bb][et_pb_column type=\u00bb1_3&#8243; _builder_version=\u00bb4.16&#8243; custom_padding=\u00bb|||\u00bb global_colors_info=\u00bb{}\u00bb custom_padding__hover=\u00bb|||\u00bb][et_pb_blurb title=\u00bbPlanta Y Oficina Administrativa\u00bb use_icon=\u00bbon\u00bb font_icon=\u00bb&#xe009;||divi||400&#8243; icon_placement=\u00bbleft\u00bb _builder_version=\u00bb4.16&#8243; header_level=\u00bbh5&#8243; header_font=\u00bbAbel|700|||||||\u00bb header_text_color=\u00bb#ffffff\u00bb body_font=\u00bb||||||||\u00bb background_layout=\u00bbdark\u00bb custom_margin=\u00bb0px|||\u00bb custom_padding=\u00bb0px|||\u00bb body_text_shadow_style=\u00bbpreset2&#8243; text_shadow_style=\u00bbpreset4&#8243; inline_fonts=\u00bbAbel\u00bb global_colors_info=\u00bb{}\u00bb]<\/p>\n<h5 style=\"text-align: justify;\"><span style=\"font-family: Abel; font-weight: normal;\">Carretera Federico Basadre Km 178 C.P. Boquer\u00f3n-Padre Abad\u00a0&#8211; Padre Abad &#8211; Ucayali &#8211; Per\u00fa.<\/span><\/h5>\n<p>[\/et_pb_blurb][et_pb_blurb title=\u00bbSECRETARIA\u00bb use_icon=\u00bbon\u00bb font_icon=\u00bb&#xe00b;||divi||400&#8243; icon_placement=\u00bbleft\u00bb _builder_version=\u00bb4.16&#8243; header_font=\u00bbAbel|700|||||||\u00bb header_text_color=\u00bb#ffffff\u00bb body_font=\u00bbAbel||||||||\u00bb background_layout=\u00bbdark\u00bb custom_margin=\u00bb0px||0px|\u00bb custom_padding=\u00bb0px||0px|\u00bb body_text_shadow_style=\u00bbpreset2&#8243; text_shadow_style=\u00bbpreset4&#8243; global_colors_info=\u00bb{}\u00bb]<\/p>\n<p>961 999 753<\/p>\n<p>[\/et_pb_blurb][\/et_pb_column][et_pb_column type=\u00bb1_3&#8243; _builder_version=\u00bb4.16&#8243; custom_padding=\u00bb|||\u00bb global_colors_info=\u00bb{}\u00bb custom_padding__hover=\u00bb|||\u00bb][et_pb_blurb title=\u00bbCorreos\u00bb use_icon=\u00bbon\u00bb font_icon=\u00bb&#xe010;||divi||400&#8243; icon_placement=\u00bbleft\u00bb _builder_version=\u00bb4.16&#8243; header_level=\u00bbh3&#8243; header_font=\u00bbAbel|700|||||||\u00bb header_text_color=\u00bb#ffffff\u00bb body_font=\u00bbAbel||||||||\u00bb background_layout=\u00bbdark\u00bb custom_margin=\u00bb0px||0px|\u00bb custom_padding=\u00bb0px||0px|\u00bb body_text_shadow_style=\u00bbpreset2&#8243; text_shadow_style=\u00bbpreset4&#8243; inline_fonts=\u00bbAbel\u00bb global_colors_info=\u00bb{}\u00bb]<\/p>\n<ul>\n<li><span style=\"font-weight: normal; color: #ffffff;\">gerencia@olpasa.pe<\/span><\/li>\n<li>administraci\u00f3n@olpasa.<\/li>\n<li><span style=\"font-weight: normal; color: #ffffff;\">contabilidad@olpasa.pe<\/span><\/li>\n<li><span style=\"font-weight: normal; color: #ffffff;\"><a style=\"color: #ffffff;\" href=\"mailto:logistica@olpasa.pe\">logistica@olpasa.pe<\/a><\/span><\/li>\n<\/ul>\n<p>[\/et_pb_blurb][et_pb_text _builder_version=\u00bb4.16&#8243; global_colors_info=\u00bb{}\u00bb]<\/p>\n<p>\u00a0<\/p>\n<p>[\/et_pb_text][\/et_pb_column][et_pb_column type=\u00bb1_3&#8243; _builder_version=\u00bb4.16&#8243; custom_padding=\u00bb|||\u00bb global_colors_info=\u00bb{}\u00bb custom_padding__hover=\u00bb|||\u00bb][et_pb_blurb title=\u00bbLibro Reclamaciones\u00bb url=\u00bbhttp:\/\/olpasa.pe\/reclamaciones\/\u00bb use_icon=\u00bbon\u00bb font_icon=\u00bb&#xe086;||divi||400&#8243; icon_placement=\u00bbleft\u00bb _builder_version=\u00bb4.16&#8243; header_level=\u00bbh3&#8243; header_font=\u00bbAbel|700|||||||\u00bb header_text_color=\u00bb#ffffff\u00bb body_font=\u00bbAbel||||||||\u00bb background_layout=\u00bbdark\u00bb custom_margin=\u00bb0px||0px|\u00bb custom_padding=\u00bb0px||0px|\u00bb body_text_shadow_style=\u00bbpreset2&#8243; text_shadow_style=\u00bbpreset4&#8243; inline_fonts=\u00bbAbel\u00bb global_colors_info=\u00bb{}\u00bb][\/et_pb_blurb][\/et_pb_column][\/et_pb_row][\/et_pb_section]<\/p>\n","protected":false},"excerpt":{"rendered":"<p>Contribuyendo con el desarrollo de la Region y el Pais. POL\u00cdTICA DE PROTECCI\u00d3N DE DATOS PERSONALESLa Alta Direcci\u00f3n de OLEAGINOSAS PADRE ABAD S.A. establece, implementa, mantiene y expresa p\u00fablicamente su Pol\u00edtica de protecci\u00f3n de datos personales, de sus Proveedores, Clientes y Consumidores, Comunidad de su entorno y reconoce su compromiso de: Los Datos Personales de [&hellip;]<\/p>\n","protected":false},"author":1,"featured_media":0,"parent":0,"menu_order":0,"comment_status":"closed","ping_status":"closed","template":"","meta":{"_et_pb_use_builder":"on","_et_pb_old_content":"","_et_gb_content_width":"","_exactmetrics_skip_tracking":false,"_exactmetrics_sitenote_active":false,"_exactmetrics_sitenote_note":"","_exactmetrics_sitenote_category":0,"footnotes":""},"class_list":["post-3298","page","type-page","status-publish","hentry"],"_links":{"self":[{"href":"https:\/\/olpasa.pe\/index.php?rest_route=\/wp\/v2\/pages\/3298","targetHints":{"allow":["GET"]}}],"collection":[{"href":"https:\/\/olpasa.pe\/index.php?rest_route=\/wp\/v2\/pages"}],"about":[{"href":"https:\/\/olpasa.pe\/index.php?rest_route=\/wp\/v2\/types\/page"}],"author":[{"embeddable":true,"href":"https:\/\/olpasa.pe\/index.php?rest_route=\/wp\/v2\/users\/1"}],"replies":[{"embeddable":true,"href":"https:\/\/olpasa.pe\/index.php?rest_route=%2Fwp%2Fv2%2Fcomments&post=3298"}],"version-history":[{"count":4,"href":"https:\/\/olpasa.pe\/index.php?rest_route=\/wp\/v2\/pages\/3298\/revisions"}],"predecessor-version":[{"id":3303,"href":"https:\/\/olpasa.pe\/index.php?rest_route=\/wp\/v2\/pages\/3298\/revisions\/3303"}],"wp:attachment":[{"href":"https:\/\/olpasa.pe\/index.php?rest_route=%2Fwp%2Fv2%2Fmedia&parent=3298"}],"curies":[{"name":"wp","href":"https:\/\/api.w.org\/{rel}","templated":true}]}}